{"id":3644,"date":"2011-04-04T08:44:32","date_gmt":"2011-04-04T11:44:32","guid":{"rendered":"http:\/\/www.odontosites.com.br\/odonto\/?page_id=3644"},"modified":"2025-06-22T14:20:07","modified_gmt":"2025-06-22T17:20:07","slug":"quem-somos","status":"publish","type":"page","link":"https:\/\/www.odontosites.com.br\/odonto\/quem-somos\/","title":{"rendered":"Quem Somos?"},"content":{"rendered":"<p><strong>Miss\u00e3o e Quem Somos<\/strong><br \/>Odontosites\u00ae nasceu no ano de 2000 com a miss\u00e3o de se tornar uma ferramenta de auxilio a profissionais de odontologia e tamb\u00e9m ao p\u00fablico em geral. Nossa equipe de colaboradores \u00e9 formada por Cirurgi\u00f5es Dentistas e profissionais de alguma forma ligados a odontologia, que buscam sempre o mais rigoroso padr\u00e3o na qualidade de todos os temas do site.<\/p>\n<p>D\u00ea a sua opini\u00e3o, participe, este espa\u00e7o \u00e9 seu.<br \/>Nosso foco \u00e9 informa\u00e7\u00e3o com qualidade na Odontologia.<\/p>\n<p><strong>Empresas do Grupo Odontosites\u00ae<\/strong><\/p>\n<p>O Portal Odontosites tem como objetivo levar informa\u00e7\u00f5es sobre odontologia atrav\u00e9s da Internet,<\/p>\n<p><strong>IMPORTANTE:<\/strong><\/p>\n<ul>\n<li>N\u00e3o possu\u00edmos estrutura de cl\u00ednicas e nem de consult\u00f3rios odontol\u00f3gicos.<\/li>\n<li>N\u00e3o atendemos pacientes.<\/li>\n<li>N\u00e3o temos conv\u00eanio com nenhum tipo de empresa que presta atendimento odontol\u00f3gico.<\/li>\n<li>N\u00e3o possu\u00edmos e nem comercializamos nenhum conv\u00eanio odontol\u00f3gico.<\/li>\n<li>N\u00e3o divulgamos nem vendemos os dados de nossos cadastrados<\/li>\n<li>N\u00e3o somos ligados a nenhum \u00f3rg\u00e3o do governo em nenhuma de suas esferas (federal, estadual ou municipal).<\/li>\n<li>N\u00e3o possu\u00edmos representantes comerciais externos vendendo qualquer tipo de servi\u00e7o.<\/li>\n<\/ul>\n<p>Caso voc\u00ea seja contatado por algu\u00e9m oferecendo qualquer dos servi\u00e7os mencionados acima utilizando nosso nome, recuse a proposta e nos avise <a href=\"https:\/\/www.odontosites.com.br\/odonto\/fale-conosco\/\">clicando aqui.<\/a><\/p>\n\n\n<p><\/p>\n","protected":false},"excerpt":{"rendered":"<p>Miss\u00e3o e Quem SomosOdontosites\u00ae nasceu no ano de 2000 com a miss\u00e3o de se tornar uma ferramenta de auxilio a profissionais de odontologia e tamb\u00e9m ao p\u00fablico em geral. Nossa equipe de colaboradores \u00e9 formada por Cirurgi\u00f5es Dentistas e profissionais de alguma forma ligados a odontologia, que buscam sempre o mais rigoroso padr\u00e3o na&#8230;<\/p>\n","protected":false},"author":1,"featured_media":0,"parent":0,"menu_order":0,"comment_status":"closed","ping_status":"closed","template":"","meta":{"footnotes":""},"class_list":["post-3644","page","type-page","status-publish","hentry"],"yoast_head":"<!-- This site is optimized with the Yoast SEO plugin v27.2 - https:\/\/yoast.com\/product\/yoast-seo-wordpress\/ -->\n<title>Quem Somos? - Odontosites<\/title>\n<meta name=\"description\" content=\"Miss\u00e3o e Quem SomosOdontosites\u00ae nasceu no ano de 2000 com a miss\u00e3o de se tornar uma ferramenta de auxilio a profissionais de odontologia e tamb\u00e9m ao\" \/>\n<meta name=\"robots\" content=\"index, follow, max-snippet:-1, max-image-preview:large, max-video-preview:-1\" \/>\n<link rel=\"canonical\" href=\"https:\/\/www.odontosites.com.br\/odonto\/quem-somos\/\" \/>\n<meta property=\"og:locale\" content=\"pt_BR\" \/>\n<meta property=\"og:type\" content=\"article\" \/>\n<meta property=\"og:title\" content=\"Quem Somos? - Odontosites\" \/>\n<meta property=\"og:description\" content=\"Miss\u00e3o e Quem SomosOdontosites\u00ae nasceu no ano de 2000 com a miss\u00e3o de se tornar uma ferramenta de auxilio a profissionais de odontologia e tamb\u00e9m ao\" \/>\n<meta property=\"og:url\" content=\"https:\/\/www.odontosites.com.br\/odonto\/quem-somos\/\" \/>\n<meta property=\"og:site_name\" content=\"Odontosites - Odontologia em um clique\" \/>\n<meta property=\"article:publisher\" content=\"http:\/\/www.facebook.com\/odontosites\" \/>\n<meta property=\"article:modified_time\" content=\"2025-06-22T17:20:07+00:00\" \/>\n<meta name=\"twitter:card\" content=\"summary_large_image\" \/>\n<meta name=\"twitter:site\" content=\"@odontosites\" \/>\n<meta name=\"twitter:label1\" content=\"Est. tempo de leitura\" \/>\n\t<meta name=\"twitter:data1\" content=\"2 minutos\" \/>\n<script type=\"application\/ld+json\" class=\"yoast-schema-graph\">{\"@context\":\"https:\/\/schema.org\",\"@graph\":[{\"@type\":\"WebPage\",\"@id\":\"https:\/\/www.odontosites.com.br\/odonto\/quem-somos\/\",\"url\":\"https:\/\/www.odontosites.com.br\/odonto\/quem-somos\/\",\"name\":\"Quem Somos? - Odontosites\",\"isPartOf\":{\"@id\":\"https:\/\/www.odontosites.com.br\/odonto\/#website\"},\"datePublished\":\"2011-04-04T11:44:32+00:00\",\"dateModified\":\"2025-06-22T17:20:07+00:00\",\"description\":\"Miss\u00e3o e Quem SomosOdontosites\u00ae nasceu no ano de 2000 com a miss\u00e3o de se tornar uma ferramenta de auxilio a profissionais de odontologia e tamb\u00e9m ao\",\"breadcrumb\":{\"@id\":\"https:\/\/www.odontosites.com.br\/odonto\/quem-somos\/#breadcrumb\"},\"inLanguage\":\"pt-BR\",\"potentialAction\":[{\"@type\":\"ReadAction\",\"target\":[\"https:\/\/www.odontosites.com.br\/odonto\/quem-somos\/\"]}]},{\"@type\":\"BreadcrumbList\",\"@id\":\"https:\/\/www.odontosites.com.br\/odonto\/quem-somos\/#breadcrumb\",\"itemListElement\":[{\"@type\":\"ListItem\",\"position\":1,\"name\":\"Odontosites\",\"item\":\"https:\/\/www.odontosites.com.br\/odonto\/\"},{\"@type\":\"ListItem\",\"position\":2,\"name\":\"Quem Somos?\"}]},{\"@type\":\"WebSite\",\"@id\":\"https:\/\/www.odontosites.com.br\/odonto\/#website\",\"url\":\"https:\/\/www.odontosites.com.br\/odonto\/\",\"name\":\"Odontosites - Odontologia em um clique\",\"description\":\"Noticias, Artigos, Eventos e Muito mais em um s\u00f3 lugar\",\"publisher\":{\"@id\":\"https:\/\/www.odontosites.com.br\/odonto\/#organization\"},\"potentialAction\":[{\"@type\":\"SearchAction\",\"target\":{\"@type\":\"EntryPoint\",\"urlTemplate\":\"https:\/\/www.odontosites.com.br\/odonto\/?s={search_term_string}\"},\"query-input\":{\"@type\":\"PropertyValueSpecification\",\"valueRequired\":true,\"valueName\":\"search_term_string\"}}],\"inLanguage\":\"pt-BR\"},{\"@type\":\"Organization\",\"@id\":\"https:\/\/www.odontosites.com.br\/odonto\/#organization\",\"name\":\"Odontosites - Odontologia em um clique\",\"url\":\"https:\/\/www.odontosites.com.br\/odonto\/\",\"logo\":{\"@type\":\"ImageObject\",\"inLanguage\":\"pt-BR\",\"@id\":\"https:\/\/www.odontosites.com.br\/odonto\/#\/schema\/logo\/image\/\",\"url\":\"https:\/\/www.odontosites.com.br\/odonto\/wp-content\/uploads\/2023\/10\/logo_odontosites_sem_fundo.png\",\"contentUrl\":\"https:\/\/www.odontosites.com.br\/odonto\/wp-content\/uploads\/2023\/10\/logo_odontosites_sem_fundo.png\",\"width\":518,\"height\":176,\"caption\":\"Odontosites - Odontologia em um clique\"},\"image\":{\"@id\":\"https:\/\/www.odontosites.com.br\/odonto\/#\/schema\/logo\/image\/\"},\"sameAs\":[\"http:\/\/www.facebook.com\/odontosites\",\"https:\/\/x.com\/odontosites\",\"http:\/\/www.instagram.com\/odontosites\"]}]}<\/script>\n<!-- \/ Yoast SEO plugin. -->","yoast_head_json":{"title":"Quem Somos? - Odontosites","description":"Miss\u00e3o e Quem SomosOdontosites\u00ae nasceu no ano de 2000 com a miss\u00e3o de se tornar uma ferramenta de auxilio a profissionais de odontologia e tamb\u00e9m ao","robots":{"index":"index","follow":"follow","max-snippet":"max-snippet:-1","max-image-preview":"max-image-preview:large","max-video-preview":"max-video-preview:-1"},"canonical":"https:\/\/www.odontosites.com.br\/odonto\/quem-somos\/","og_locale":"pt_BR","og_type":"article","og_title":"Quem Somos? - Odontosites","og_description":"Miss\u00e3o e Quem SomosOdontosites\u00ae nasceu no ano de 2000 com a miss\u00e3o de se tornar uma ferramenta de auxilio a profissionais de odontologia e tamb\u00e9m ao","og_url":"https:\/\/www.odontosites.com.br\/odonto\/quem-somos\/","og_site_name":"Odontosites - Odontologia em um clique","article_publisher":"http:\/\/www.facebook.com\/odontosites","article_modified_time":"2025-06-22T17:20:07+00:00","twitter_card":"summary_large_image","twitter_site":"@odontosites","twitter_misc":{"Est. tempo de leitura":"2 minutos"},"schema":{"@context":"https:\/\/schema.org","@graph":[{"@type":"WebPage","@id":"https:\/\/www.odontosites.com.br\/odonto\/quem-somos\/","url":"https:\/\/www.odontosites.com.br\/odonto\/quem-somos\/","name":"Quem Somos? - Odontosites","isPartOf":{"@id":"https:\/\/www.odontosites.com.br\/odonto\/#website"},"datePublished":"2011-04-04T11:44:32+00:00","dateModified":"2025-06-22T17:20:07+00:00","description":"Miss\u00e3o e Quem SomosOdontosites\u00ae nasceu no ano de 2000 com a miss\u00e3o de se tornar uma ferramenta de auxilio a profissionais de odontologia e tamb\u00e9m ao","breadcrumb":{"@id":"https:\/\/www.odontosites.com.br\/odonto\/quem-somos\/#breadcrumb"},"inLanguage":"pt-BR","potentialAction":[{"@type":"ReadAction","target":["https:\/\/www.odontosites.com.br\/odonto\/quem-somos\/"]}]},{"@type":"BreadcrumbList","@id":"https:\/\/www.odontosites.com.br\/odonto\/quem-somos\/#breadcrumb","itemListElement":[{"@type":"ListItem","position":1,"name":"Odontosites","item":"https:\/\/www.odontosites.com.br\/odonto\/"},{"@type":"ListItem","position":2,"name":"Quem Somos?"}]},{"@type":"WebSite","@id":"https:\/\/www.odontosites.com.br\/odonto\/#website","url":"https:\/\/www.odontosites.com.br\/odonto\/","name":"Odontosites - Odontologia em um clique","description":"Noticias, Artigos, Eventos e Muito mais em um s\u00f3 lugar","publisher":{"@id":"https:\/\/www.odontosites.com.br\/odonto\/#organization"},"potentialAction":[{"@type":"SearchAction","target":{"@type":"EntryPoint","urlTemplate":"https:\/\/www.odontosites.com.br\/odonto\/?s={search_term_string}"},"query-input":{"@type":"PropertyValueSpecification","valueRequired":true,"valueName":"search_term_string"}}],"inLanguage":"pt-BR"},{"@type":"Organization","@id":"https:\/\/www.odontosites.com.br\/odonto\/#organization","name":"Odontosites - Odontologia em um clique","url":"https:\/\/www.odontosites.com.br\/odonto\/","logo":{"@type":"ImageObject","inLanguage":"pt-BR","@id":"https:\/\/www.odontosites.com.br\/odonto\/#\/schema\/logo\/image\/","url":"https:\/\/www.odontosites.com.br\/odonto\/wp-content\/uploads\/2023\/10\/logo_odontosites_sem_fundo.png","contentUrl":"https:\/\/www.odontosites.com.br\/odonto\/wp-content\/uploads\/2023\/10\/logo_odontosites_sem_fundo.png","width":518,"height":176,"caption":"Odontosites - Odontologia em um clique"},"image":{"@id":"https:\/\/www.odontosites.com.br\/odonto\/#\/schema\/logo\/image\/"},"sameAs":["http:\/\/www.facebook.com\/odontosites","https:\/\/x.com\/odontosites","http:\/\/www.instagram.com\/odontosites"]}]}},"_links":{"self":[{"href":"https:\/\/www.odontosites.com.br\/odonto\/wp-json\/wp\/v2\/pages\/3644","targetHints":{"allow":["GET"]}}],"collection":[{"href":"https:\/\/www.odontosites.com.br\/odonto\/wp-json\/wp\/v2\/pages"}],"about":[{"href":"https:\/\/www.odontosites.com.br\/odonto\/wp-json\/wp\/v2\/types\/page"}],"author":[{"embeddable":true,"href":"https:\/\/www.odontosites.com.br\/odonto\/wp-json\/wp\/v2\/users\/1"}],"replies":[{"embeddable":true,"href":"https:\/\/www.odontosites.com.br\/odonto\/wp-json\/wp\/v2\/comments?post=3644"}],"version-history":[{"count":0,"href":"https:\/\/www.odontosites.com.br\/odonto\/wp-json\/wp\/v2\/pages\/3644\/revisions"}],"wp:attachment":[{"href":"https:\/\/www.odontosites.com.br\/odonto\/wp-json\/wp\/v2\/media?parent=3644"}],"curies":[{"name":"wp","href":"https:\/\/api.w.org\/{rel}","templated":true}]}}