{"id":3632,"date":"2011-04-04T08:38:38","date_gmt":"2011-04-04T11:38:38","guid":{"rendered":"http:\/\/www.odontosites.com.br\/odonto\/?page_id=3632"},"modified":"2025-05-17T20:19:57","modified_gmt":"2025-05-17T23:19:57","slug":"anuncie","status":"publish","type":"page","link":"https:\/\/www.odontosites.com.br\/odonto\/anuncie\/","title":{"rendered":"Anuncie no Odontosites"},"content":{"rendered":"\n<h2 class=\"wp-block-heading\"><span style=\"color: #00ccff;\">Por que anunciar no Odontosites?<\/span><\/h2>\n\n\n\n<p>No ar desde 2000, o <strong>Odontosites<\/strong> \u00e9 uma refer\u00eancia quando se fala em <strong>odontologia na internet<\/strong>. Somos o mais antigo site de <strong>Odontologia brasileira<\/strong>. Temos diversos formatos para sua empresa divulgar sua marca, produto ou servi\u00e7o e aparecer para um p\u00fablico altamente qualificado, formado em 90 % por Cirurgi\u00f5es Dentistas, acad\u00eamicos, professores e t\u00e9cnicos da \u00e1rea de odontologia. Al\u00e9m disso contamos tamb\u00e9m com visitantes do p\u00fablico em geral, formado por pacientes que nos visitam em busca de informa\u00e7\u00f5es sobre produtos e tratamentos odontol\u00f3gicos.<\/p>\n\n\n\n<p>Aqui voc\u00ea encontrar\u00e1 as primeiras informa\u00e7\u00f5es sobre o <strong>Portal Odontosites<\/strong>&nbsp; e&nbsp; tamb\u00e9m sobre a maior e mais completa rede de <strong>sites de odontologia<\/strong> do Brasil. (para informa\u00e7\u00f5es detalhadas, clique aqui e fale conosco). Podemos lhe oferecer uma campanha centralizada que atinja diversos segmentos de forma simples e f\u00e1cil de controlar.&nbsp;Fa\u00e7a como grandes empresas do setor, A<strong>nuncie para dentistas de todo o Brasil no Odontosites<\/strong> e&nbsp;destaque-se.<\/p>\n\n\n\n<p>Agrademos sua visita e contamos com a oportunidade de poder participar de seu plano de m\u00eddia.&nbsp;Nos colocamos \u00e0&nbsp; disposi\u00e7\u00e3o para qualquer esclarecimento que seja necess\u00e1rio.<\/p>\n\n\n\n<p>Departamento de Marketing do Odontosites.<\/p>\n\n\n\n<hr class=\"wp-block-separator has-alpha-channel-opacity\"\/>\n\n\n\n<h2 class=\"wp-block-heading\"><span style=\"color: #00ccff;\">Descubra quem confia e j\u00e1 anunciou:<\/span><\/h2>\n\n\n<div class=\"wp-block-image\">\n<figure class=\"aligncenter\"><a href=\"http:\/\/www.odontosites.com.br\/odonto\/wp-content\/uploads\/2011\/04\/anunciantes_odontosites_2012.gif\"><img fetchpriority=\"high\" decoding=\"async\" width=\"500\" height=\"737\" src=\"http:\/\/www.odontosites.com.br\/odonto\/wp-content\/uploads\/2011\/04\/anunciantes_odontosites_2012.gif\" alt=\"Anunciantes odontosites\" class=\"wp-image-24627\" title=\"anunciantes_odontosites_2012\"\/><\/a><\/figure>\n<\/div>\n\n\n<p class=\"has-text-align-center\"><\/p>\n\n\n\n<h2 class=\"wp-block-heading\"><span style=\"color: #00ccff;\">Formatos<\/span><\/h2>\n\n\n\n<p>No <strong>Odontosites<\/strong>  preparamos um pacote diferenciado para os anunciantes oferecendo um mix com v\u00e1rias ferramentas dispon\u00edveis, visando uma melhor exposi\u00e7\u00e3o.<\/p>\n\n\n\n<p>Todas as pe\u00e7as a seguir s\u00e3o&nbsp;expostas, tanto na lateral como no topo do site, em todas as p\u00e1ginas (ROS).<\/p>\n\n\n\n<p>Conhe\u00e7a abaixo todos formatos de publicidade que est\u00e3o dispon\u00edveis e as suas especifica\u00e7\u00f5es t\u00e9cnicas:<\/p>\n\n\n\n<h2 class=\"wp-block-heading\"><span style=\"color: #00ccff;\">Banners<\/span><\/h2>\n\n\n\n<p>Veja os formatos dispon\u00edveis e recomendados pela *IAB (Internacional Advertising Bureau)<\/p>\n\n\n<div class=\"wp-block-image\">\n<figure class=\"aligncenter is-resized\"><img decoding=\"async\" width=\"533\" height=\"575\" src=\"http:\/\/www.odontosites.com.br\/odonto\/wp-content\/uploads\/2011\/04\/formatos_anuncios_2012.gif\" alt=\"formatos anuncios \" class=\"wp-image-24628\" style=\"width:535px;height:auto\" title=\"formatos_anuncios_2012\" srcset=\"https:\/\/www.odontosites.com.br\/odonto\/wp-content\/uploads\/2011\/04\/formatos_anuncios_2012.gif 533w, https:\/\/www.odontosites.com.br\/odonto\/wp-content\/uploads\/2011\/04\/formatos_anuncios_2012-278x300.gif 278w\" sizes=\"(max-width: 533px) 100vw, 533px\" \/><\/figure>\n<\/div>\n\n\n<p class=\"has-text-align-center\"><\/p>\n\n\n\n<h2 class=\"wp-block-heading\"><figure><img decoding=\"async\" title=\"Pr\u00f3xima p\u00e1gina...\" src=\"..\/wp-includes\/js\/tinymce\/plugins\/wordpress\/img\/trans.gif\" alt=\"\"><\/figure><span style=\"color: #000000;\">Quer Anunciar para Dentistas?<\/span><\/h2>\n\n\n\n<p class=\"has-text-align-center\">&nbsp;Utilize o formul\u00e1rio de contato abaixo e fale conosco <\/p>\n\n\n\n<div class=\"wpcf7 no-js\" id=\"wpcf7-f26590-o1\" lang=\"en-US\" dir=\"ltr\" data-wpcf7-id=\"26590\">\n<div class=\"screen-reader-response\"><p role=\"status\" aria-live=\"polite\" aria-atomic=\"true\"><\/p> <ul><\/ul><\/div>\n<form action=\"\/odonto\/wp-json\/wp\/v2\/pages\/3632#wpcf7-f26590-o1\" method=\"post\" class=\"wpcf7-form init\" aria-label=\"Contact form\" novalidate=\"novalidate\" data-status=\"init\">\n<div style=\"display: none;\">\n<input type=\"hidden\" name=\"_wpcf7\" value=\"26590\" \/>\n<input type=\"hidden\" name=\"_wpcf7_version\" value=\"6.0.6\" \/>\n<input type=\"hidden\" name=\"_wpcf7_locale\" value=\"en_US\" \/>\n<input type=\"hidden\" name=\"_wpcf7_unit_tag\" value=\"wpcf7-f26590-o1\" \/>\n<input type=\"hidden\" name=\"_wpcf7_container_post\" value=\"0\" \/>\n<input type=\"hidden\" name=\"_wpcf7_posted_data_hash\" value=\"\" \/>\n<\/div>\n<p>O seu nome (obrigat\u00f3rio)\n<\/p>\n<p><span class=\"wpcf7-form-control-wrap\" data-name=\"your-name\"><input size=\"40\" maxlength=\"400\" class=\"wpcf7-form-control wpcf7-text wpcf7-validates-as-required\" aria-required=\"true\" aria-invalid=\"false\" value=\"\" type=\"text\" name=\"your-name\" \/><\/span>\n<\/p>\n<p>O seu e-mail (obrigat\u00f3rio)\n<\/p>\n<p><span class=\"wpcf7-form-control-wrap\" data-name=\"your-email\"><input size=\"40\" maxlength=\"400\" class=\"wpcf7-form-control wpcf7-email wpcf7-validates-as-required wpcf7-text wpcf7-validates-as-email\" aria-required=\"true\" aria-invalid=\"false\" value=\"\" type=\"email\" name=\"your-email\" \/><\/span>\n<\/p>\n<p>Assunto : QUERO ANUNCIAR NO ODONTOSITES\n<\/p>\n<p>Especifique seu interesse, seu segmento, Per\u00edodo, Formato etc\n<\/p>\n<p><span class=\"wpcf7-form-control-wrap\" data-name=\"your-message\"><textarea cols=\"40\" rows=\"10\" maxlength=\"2000\" class=\"wpcf7-form-control wpcf7-textarea\" aria-invalid=\"false\" name=\"your-message\"><\/textarea><\/span>\n<\/p>\n<p><div id=\"cf7sr-69ea362fa24aa\" class=\"cf7sr-g-recaptcha\" data-theme=\"light\" data-type=\"image\" data-size=\"normal\" data-sitekey=\"6Lfg1tgoAAAAAEGMTL1szF7oBb4zVffbKTXt7ADs\"><\/div><span class=\"wpcf7-form-control-wrap cf7sr-recaptcha\" data-name=\"cf7sr-recaptcha\"><input type=\"hidden\" name=\"cf7sr-recaptcha\" value=\"\" class=\"wpcf7-form-control\"><\/span>\n<\/p>\n<p><input class=\"wpcf7-form-control wpcf7-submit has-spinner\" type=\"submit\" value=\"Enviar\" \/>\n<\/p><p style=\"display: none !important;\" class=\"akismet-fields-container\" data-prefix=\"_wpcf7_ak_\"><label>&#916;<textarea name=\"_wpcf7_ak_hp_textarea\" cols=\"45\" rows=\"8\" maxlength=\"100\"><\/textarea><\/label><input type=\"hidden\" id=\"ak_js_1\" name=\"_wpcf7_ak_js\" value=\"234\"\/><script>document.getElementById( \"ak_js_1\" ).setAttribute( \"value\", ( new Date() ).getTime() );<\/script><\/p><div class=\"wpcf7-response-output\" aria-hidden=\"true\"><\/div>\n<\/form>\n<\/div>\n\n\n\n\n<p><\/p>\n\n\n\n<p><\/p>\n\n\n\n<p><\/p>\n","protected":false},"excerpt":{"rendered":"<p>Por que anunciar no Odontosites? No ar desde 2000, o Odontosites \u00e9 uma refer\u00eancia quando se fala em odontologia na internet. Somos o mais antigo site de Odontologia brasileira. Temos diversos formatos para sua empresa divulgar sua marca, produto ou servi\u00e7o e aparecer para um p\u00fablico altamente qualificado, formado em 90 % por Cirurgi\u00f5es&#8230;<\/p>\n","protected":false},"author":1,"featured_media":24627,"parent":0,"menu_order":0,"comment_status":"closed","ping_status":"open","template":"","meta":{"footnotes":""},"class_list":["post-3632","page","type-page","status-publish","has-post-thumbnail","hentry"],"yoast_head":"<!-- This site is optimized with the Yoast SEO plugin v27.2 - https:\/\/yoast.com\/product\/yoast-seo-wordpress\/ -->\n<title>Anuncie para dentistas de todo o Brasil - Midia Kit Odontosites<\/title>\n<meta name=\"description\" content=\"Se voc\u00ea tem um produto ou servi\u00e7o direcionado a dentistas ou pacientes de odontologia anuncie no Odontosites e impulsionar sua marca.\" \/>\n<meta name=\"robots\" content=\"noindex, nofollow\" \/>\n<meta property=\"og:locale\" content=\"pt_BR\" \/>\n<meta property=\"og:type\" content=\"article\" \/>\n<meta property=\"og:title\" content=\"Anuncie para dentistas de todo o Brasil - Midia Kit Odontosites\" \/>\n<meta property=\"og:description\" content=\"Se voc\u00ea tem um produto ou servi\u00e7o direcionado a dentistas ou pacientes de odontologia anuncie no Odontosites e impulsionar sua marca.\" \/>\n<meta property=\"og:url\" content=\"https:\/\/www.odontosites.com.br\/odonto\/anuncie\/\" \/>\n<meta property=\"og:site_name\" content=\"Odontosites - Odontologia em um clique\" \/>\n<meta property=\"article:publisher\" content=\"http:\/\/www.facebook.com\/odontosites\" \/>\n<meta property=\"article:modified_time\" content=\"2025-05-17T23:19:57+00:00\" \/>\n<meta property=\"og:image\" content=\"https:\/\/www.odontosites.com.br\/odonto\/wp-content\/uploads\/2011\/04\/anunciantes_odontosites_2012.gif\" \/>\n\t<meta property=\"og:image:width\" content=\"500\" \/>\n\t<meta property=\"og:image:height\" content=\"737\" \/>\n\t<meta property=\"og:image:type\" content=\"image\/gif\" \/>\n<meta name=\"twitter:card\" content=\"summary_large_image\" \/>\n<meta name=\"twitter:site\" content=\"@odontosites\" \/>\n<meta name=\"twitter:label1\" content=\"Est. tempo de leitura\" \/>\n\t<meta name=\"twitter:data1\" content=\"3 minutos\" \/>\n<script type=\"application\/ld+json\" class=\"yoast-schema-graph\">{\"@context\":\"https:\/\/schema.org\",\"@graph\":[{\"@type\":\"WebPage\",\"@id\":\"https:\/\/www.odontosites.com.br\/odonto\/anuncie\/\",\"url\":\"https:\/\/www.odontosites.com.br\/odonto\/anuncie\/\",\"name\":\"Anuncie para dentistas de todo o Brasil - Midia Kit Odontosites\",\"isPartOf\":{\"@id\":\"https:\/\/www.odontosites.com.br\/odonto\/#website\"},\"primaryImageOfPage\":{\"@id\":\"https:\/\/www.odontosites.com.br\/odonto\/anuncie\/#primaryimage\"},\"image\":{\"@id\":\"https:\/\/www.odontosites.com.br\/odonto\/anuncie\/#primaryimage\"},\"thumbnailUrl\":\"https:\/\/www.odontosites.com.br\/odonto\/wp-content\/uploads\/2011\/04\/anunciantes_odontosites_2012.gif\",\"datePublished\":\"2011-04-04T11:38:38+00:00\",\"dateModified\":\"2025-05-17T23:19:57+00:00\",\"description\":\"Se voc\u00ea tem um produto ou servi\u00e7o direcionado a dentistas ou pacientes de odontologia anuncie no Odontosites e impulsionar sua marca.\",\"breadcrumb\":{\"@id\":\"https:\/\/www.odontosites.com.br\/odonto\/anuncie\/#breadcrumb\"},\"inLanguage\":\"pt-BR\",\"potentialAction\":[{\"@type\":\"ReadAction\",\"target\":[\"https:\/\/www.odontosites.com.br\/odonto\/anuncie\/\"]}]},{\"@type\":\"ImageObject\",\"inLanguage\":\"pt-BR\",\"@id\":\"https:\/\/www.odontosites.com.br\/odonto\/anuncie\/#primaryimage\",\"url\":\"https:\/\/www.odontosites.com.br\/odonto\/wp-content\/uploads\/2011\/04\/anunciantes_odontosites_2012.gif\",\"contentUrl\":\"https:\/\/www.odontosites.com.br\/odonto\/wp-content\/uploads\/2011\/04\/anunciantes_odontosites_2012.gif\",\"width\":500,\"height\":737,\"caption\":\"Anunciantes odontosites\"},{\"@type\":\"BreadcrumbList\",\"@id\":\"https:\/\/www.odontosites.com.br\/odonto\/anuncie\/#breadcrumb\",\"itemListElement\":[{\"@type\":\"ListItem\",\"position\":1,\"name\":\"Odontosites\",\"item\":\"https:\/\/www.odontosites.com.br\/odonto\/\"},{\"@type\":\"ListItem\",\"position\":2,\"name\":\"Anuncie no Odontosites\"}]},{\"@type\":\"WebSite\",\"@id\":\"https:\/\/www.odontosites.com.br\/odonto\/#website\",\"url\":\"https:\/\/www.odontosites.com.br\/odonto\/\",\"name\":\"Odontosites - Odontologia em um clique\",\"description\":\"Noticias, Artigos, Eventos e Muito mais em um s\u00f3 lugar\",\"publisher\":{\"@id\":\"https:\/\/www.odontosites.com.br\/odonto\/#organization\"},\"potentialAction\":[{\"@type\":\"SearchAction\",\"target\":{\"@type\":\"EntryPoint\",\"urlTemplate\":\"https:\/\/www.odontosites.com.br\/odonto\/?s={search_term_string}\"},\"query-input\":{\"@type\":\"PropertyValueSpecification\",\"valueRequired\":true,\"valueName\":\"search_term_string\"}}],\"inLanguage\":\"pt-BR\"},{\"@type\":\"Organization\",\"@id\":\"https:\/\/www.odontosites.com.br\/odonto\/#organization\",\"name\":\"Odontosites - Odontologia em um clique\",\"url\":\"https:\/\/www.odontosites.com.br\/odonto\/\",\"logo\":{\"@type\":\"ImageObject\",\"inLanguage\":\"pt-BR\",\"@id\":\"https:\/\/www.odontosites.com.br\/odonto\/#\/schema\/logo\/image\/\",\"url\":\"https:\/\/www.odontosites.com.br\/odonto\/wp-content\/uploads\/2023\/10\/logo_odontosites_sem_fundo.png\",\"contentUrl\":\"https:\/\/www.odontosites.com.br\/odonto\/wp-content\/uploads\/2023\/10\/logo_odontosites_sem_fundo.png\",\"width\":518,\"height\":176,\"caption\":\"Odontosites - Odontologia em um clique\"},\"image\":{\"@id\":\"https:\/\/www.odontosites.com.br\/odonto\/#\/schema\/logo\/image\/\"},\"sameAs\":[\"http:\/\/www.facebook.com\/odontosites\",\"https:\/\/x.com\/odontosites\",\"http:\/\/www.instagram.com\/odontosites\"]}]}<\/script>\n<!-- \/ Yoast SEO plugin. -->","yoast_head_json":{"title":"Anuncie para dentistas de todo o Brasil - Midia Kit Odontosites","description":"Se voc\u00ea tem um produto ou servi\u00e7o direcionado a dentistas ou pacientes de odontologia anuncie no Odontosites e impulsionar sua marca.","robots":{"index":"noindex","follow":"nofollow"},"og_locale":"pt_BR","og_type":"article","og_title":"Anuncie para dentistas de todo o Brasil - Midia Kit Odontosites","og_description":"Se voc\u00ea tem um produto ou servi\u00e7o direcionado a dentistas ou pacientes de odontologia anuncie no Odontosites e impulsionar sua marca.","og_url":"https:\/\/www.odontosites.com.br\/odonto\/anuncie\/","og_site_name":"Odontosites - Odontologia em um clique","article_publisher":"http:\/\/www.facebook.com\/odontosites","article_modified_time":"2025-05-17T23:19:57+00:00","og_image":[{"width":500,"height":737,"url":"https:\/\/www.odontosites.com.br\/odonto\/wp-content\/uploads\/2011\/04\/anunciantes_odontosites_2012.gif","type":"image\/gif"}],"twitter_card":"summary_large_image","twitter_site":"@odontosites","twitter_misc":{"Est. tempo de leitura":"3 minutos"},"schema":{"@context":"https:\/\/schema.org","@graph":[{"@type":"WebPage","@id":"https:\/\/www.odontosites.com.br\/odonto\/anuncie\/","url":"https:\/\/www.odontosites.com.br\/odonto\/anuncie\/","name":"Anuncie para dentistas de todo o Brasil - Midia Kit Odontosites","isPartOf":{"@id":"https:\/\/www.odontosites.com.br\/odonto\/#website"},"primaryImageOfPage":{"@id":"https:\/\/www.odontosites.com.br\/odonto\/anuncie\/#primaryimage"},"image":{"@id":"https:\/\/www.odontosites.com.br\/odonto\/anuncie\/#primaryimage"},"thumbnailUrl":"https:\/\/www.odontosites.com.br\/odonto\/wp-content\/uploads\/2011\/04\/anunciantes_odontosites_2012.gif","datePublished":"2011-04-04T11:38:38+00:00","dateModified":"2025-05-17T23:19:57+00:00","description":"Se voc\u00ea tem um produto ou servi\u00e7o direcionado a dentistas ou pacientes de odontologia anuncie no Odontosites e impulsionar sua marca.","breadcrumb":{"@id":"https:\/\/www.odontosites.com.br\/odonto\/anuncie\/#breadcrumb"},"inLanguage":"pt-BR","potentialAction":[{"@type":"ReadAction","target":["https:\/\/www.odontosites.com.br\/odonto\/anuncie\/"]}]},{"@type":"ImageObject","inLanguage":"pt-BR","@id":"https:\/\/www.odontosites.com.br\/odonto\/anuncie\/#primaryimage","url":"https:\/\/www.odontosites.com.br\/odonto\/wp-content\/uploads\/2011\/04\/anunciantes_odontosites_2012.gif","contentUrl":"https:\/\/www.odontosites.com.br\/odonto\/wp-content\/uploads\/2011\/04\/anunciantes_odontosites_2012.gif","width":500,"height":737,"caption":"Anunciantes odontosites"},{"@type":"BreadcrumbList","@id":"https:\/\/www.odontosites.com.br\/odonto\/anuncie\/#breadcrumb","itemListElement":[{"@type":"ListItem","position":1,"name":"Odontosites","item":"https:\/\/www.odontosites.com.br\/odonto\/"},{"@type":"ListItem","position":2,"name":"Anuncie no Odontosites"}]},{"@type":"WebSite","@id":"https:\/\/www.odontosites.com.br\/odonto\/#website","url":"https:\/\/www.odontosites.com.br\/odonto\/","name":"Odontosites - Odontologia em um clique","description":"Noticias, Artigos, Eventos e Muito mais em um s\u00f3 lugar","publisher":{"@id":"https:\/\/www.odontosites.com.br\/odonto\/#organization"},"potentialAction":[{"@type":"SearchAction","target":{"@type":"EntryPoint","urlTemplate":"https:\/\/www.odontosites.com.br\/odonto\/?s={search_term_string}"},"query-input":{"@type":"PropertyValueSpecification","valueRequired":true,"valueName":"search_term_string"}}],"inLanguage":"pt-BR"},{"@type":"Organization","@id":"https:\/\/www.odontosites.com.br\/odonto\/#organization","name":"Odontosites - Odontologia em um clique","url":"https:\/\/www.odontosites.com.br\/odonto\/","logo":{"@type":"ImageObject","inLanguage":"pt-BR","@id":"https:\/\/www.odontosites.com.br\/odonto\/#\/schema\/logo\/image\/","url":"https:\/\/www.odontosites.com.br\/odonto\/wp-content\/uploads\/2023\/10\/logo_odontosites_sem_fundo.png","contentUrl":"https:\/\/www.odontosites.com.br\/odonto\/wp-content\/uploads\/2023\/10\/logo_odontosites_sem_fundo.png","width":518,"height":176,"caption":"Odontosites - Odontologia em um clique"},"image":{"@id":"https:\/\/www.odontosites.com.br\/odonto\/#\/schema\/logo\/image\/"},"sameAs":["http:\/\/www.facebook.com\/odontosites","https:\/\/x.com\/odontosites","http:\/\/www.instagram.com\/odontosites"]}]}},"_links":{"self":[{"href":"https:\/\/www.odontosites.com.br\/odonto\/wp-json\/wp\/v2\/pages\/3632","targetHints":{"allow":["GET"]}}],"collection":[{"href":"https:\/\/www.odontosites.com.br\/odonto\/wp-json\/wp\/v2\/pages"}],"about":[{"href":"https:\/\/www.odontosites.com.br\/odonto\/wp-json\/wp\/v2\/types\/page"}],"author":[{"embeddable":true,"href":"https:\/\/www.odontosites.com.br\/odonto\/wp-json\/wp\/v2\/users\/1"}],"replies":[{"embeddable":true,"href":"https:\/\/www.odontosites.com.br\/odonto\/wp-json\/wp\/v2\/comments?post=3632"}],"version-history":[{"count":0,"href":"https:\/\/www.odontosites.com.br\/odonto\/wp-json\/wp\/v2\/pages\/3632\/revisions"}],"wp:featuredmedia":[{"embeddable":true,"href":"https:\/\/www.odontosites.com.br\/odonto\/wp-json\/wp\/v2\/media\/24627"}],"wp:attachment":[{"href":"https:\/\/www.odontosites.com.br\/odonto\/wp-json\/wp\/v2\/media?parent=3632"}],"curies":[{"name":"wp","href":"https:\/\/api.w.org\/{rel}","templated":true}]}}