{"id":3630,"date":"2011-04-04T08:38:08","date_gmt":"2011-04-04T11:38:08","guid":{"rendered":"http:\/\/www.odontosites.com.br\/odonto\/?page_id=3630"},"modified":"2011-05-24T12:21:30","modified_gmt":"2011-05-24T15:21:30","slug":"aviso-legal","status":"publish","type":"page","link":"https:\/\/www.odontosites.com.br\/odonto\/aviso-legal\/","title":{"rendered":"Aviso Legal"},"content":{"rendered":"<p>Aviso legal:<br \/>\nTodo material exposto no Odontosites \u00e9 protegido por Copyright, por\u00e9m pode ser divulgado em outros sites sem conota\u00e7\u00e3o comercial. Somente solicitamos que seja citada a &#8220;Fonte:Odontosites- Odontologia em um clique&#8221;, seja acrescentado um link ativo para a p\u00e1gina do artigo citado e nos seja avisado.<\/p>\n<p>Os textos, tabelas, figuras e refer\u00eancias contidos no Odontosites t\u00eam car\u00e1ter informativo e educacional e n\u00e3o devem substituir em hip\u00f3tese alguma a consulta m\u00e9dica e\/ou odontol\u00f3gica. O Odontosites n\u00e3o se responsabiliza pelo conte\u00fado expresso nas p\u00e1ginas de seus parceiros, colaboradores e anunciantes.<br \/>\nAs opini\u00f5es expressas pelos colaboradores s\u00e3o de inteira responsabilidade dos mesmos n\u00e3o traduzindo a opini\u00e3o do Odontosites.<\/p>\n<p>Odontosites recomenda:<br \/>\n&#8220;Consulte um Dentista regularmente&#8221;<\/p>\n","protected":false},"excerpt":{"rendered":"<p>Aviso legal: Todo material exposto no Odontosites \u00e9 protegido por Copyright, por\u00e9m pode ser divulgado em outros sites sem conota\u00e7\u00e3o comercial. Somente solicitamos que seja citada a &#8220;Fonte:Odontosites- Odontologia em um clique&#8221;, seja acrescentado um link ativo para a p\u00e1gina do artigo citado e nos seja avisado. Os textos, tabelas, figuras e refer\u00eancias contidos&#8230;<\/p>\n","protected":false},"author":1,"featured_media":0,"parent":0,"menu_order":0,"comment_status":"closed","ping_status":"closed","template":"","meta":{"footnotes":""},"class_list":["post-3630","page","type-page","status-publish","hentry"],"yoast_head":"<!-- This site is optimized with the Yoast SEO plugin v27.2 - https:\/\/yoast.com\/product\/yoast-seo-wordpress\/ -->\n<title>Aviso Legal - Odontosites<\/title>\n<meta name=\"description\" content=\"Aviso legal: Todo material exposto no Odontosites \u00e9 protegido por Copyright, por\u00e9m pode ser divulgado em outros sites sem conota\u00e7\u00e3o comercial. Somente\" \/>\n<meta name=\"robots\" content=\"index, follow, max-snippet:-1, max-image-preview:large, max-video-preview:-1\" \/>\n<link rel=\"canonical\" href=\"https:\/\/www.odontosites.com.br\/odonto\/aviso-legal\/\" \/>\n<meta property=\"og:locale\" content=\"pt_BR\" \/>\n<meta property=\"og:type\" content=\"article\" \/>\n<meta property=\"og:title\" content=\"Aviso Legal - Odontosites\" \/>\n<meta property=\"og:description\" content=\"Aviso legal: Todo material exposto no Odontosites \u00e9 protegido por Copyright, por\u00e9m pode ser divulgado em outros sites sem conota\u00e7\u00e3o comercial. Somente\" \/>\n<meta property=\"og:url\" content=\"https:\/\/www.odontosites.com.br\/odonto\/aviso-legal\/\" \/>\n<meta property=\"og:site_name\" content=\"Odontosites - Odontologia em um clique\" \/>\n<meta property=\"article:publisher\" content=\"http:\/\/www.facebook.com\/odontosites\" \/>\n<meta property=\"article:modified_time\" content=\"2011-05-24T15:21:30+00:00\" \/>\n<meta name=\"twitter:card\" content=\"summary_large_image\" \/>\n<meta name=\"twitter:site\" content=\"@odontosites\" \/>\n<meta name=\"twitter:label1\" content=\"Est. tempo de leitura\" \/>\n\t<meta name=\"twitter:data1\" content=\"1 minuto\" \/>\n<script type=\"application\/ld+json\" class=\"yoast-schema-graph\">{\"@context\":\"https:\/\/schema.org\",\"@graph\":[{\"@type\":\"WebPage\",\"@id\":\"https:\/\/www.odontosites.com.br\/odonto\/aviso-legal\/\",\"url\":\"https:\/\/www.odontosites.com.br\/odonto\/aviso-legal\/\",\"name\":\"Aviso Legal - Odontosites\",\"isPartOf\":{\"@id\":\"https:\/\/www.odontosites.com.br\/odonto\/#website\"},\"datePublished\":\"2011-04-04T11:38:08+00:00\",\"dateModified\":\"2011-05-24T15:21:30+00:00\",\"description\":\"Aviso legal: Todo material exposto no Odontosites \u00e9 protegido por Copyright, por\u00e9m pode ser divulgado em outros sites sem conota\u00e7\u00e3o comercial. Somente\",\"breadcrumb\":{\"@id\":\"https:\/\/www.odontosites.com.br\/odonto\/aviso-legal\/#breadcrumb\"},\"inLanguage\":\"pt-BR\",\"potentialAction\":[{\"@type\":\"ReadAction\",\"target\":[\"https:\/\/www.odontosites.com.br\/odonto\/aviso-legal\/\"]}]},{\"@type\":\"BreadcrumbList\",\"@id\":\"https:\/\/www.odontosites.com.br\/odonto\/aviso-legal\/#breadcrumb\",\"itemListElement\":[{\"@type\":\"ListItem\",\"position\":1,\"name\":\"Odontosites\",\"item\":\"https:\/\/www.odontosites.com.br\/odonto\/\"},{\"@type\":\"ListItem\",\"position\":2,\"name\":\"Aviso Legal\"}]},{\"@type\":\"WebSite\",\"@id\":\"https:\/\/www.odontosites.com.br\/odonto\/#website\",\"url\":\"https:\/\/www.odontosites.com.br\/odonto\/\",\"name\":\"Odontosites - Odontologia em um clique\",\"description\":\"Noticias, Artigos, Eventos e Muito mais em um s\u00f3 lugar\",\"publisher\":{\"@id\":\"https:\/\/www.odontosites.com.br\/odonto\/#organization\"},\"potentialAction\":[{\"@type\":\"SearchAction\",\"target\":{\"@type\":\"EntryPoint\",\"urlTemplate\":\"https:\/\/www.odontosites.com.br\/odonto\/?s={search_term_string}\"},\"query-input\":{\"@type\":\"PropertyValueSpecification\",\"valueRequired\":true,\"valueName\":\"search_term_string\"}}],\"inLanguage\":\"pt-BR\"},{\"@type\":\"Organization\",\"@id\":\"https:\/\/www.odontosites.com.br\/odonto\/#organization\",\"name\":\"Odontosites - Odontologia em um clique\",\"url\":\"https:\/\/www.odontosites.com.br\/odonto\/\",\"logo\":{\"@type\":\"ImageObject\",\"inLanguage\":\"pt-BR\",\"@id\":\"https:\/\/www.odontosites.com.br\/odonto\/#\/schema\/logo\/image\/\",\"url\":\"https:\/\/www.odontosites.com.br\/odonto\/wp-content\/uploads\/2023\/10\/logo_odontosites_sem_fundo.png\",\"contentUrl\":\"https:\/\/www.odontosites.com.br\/odonto\/wp-content\/uploads\/2023\/10\/logo_odontosites_sem_fundo.png\",\"width\":518,\"height\":176,\"caption\":\"Odontosites - Odontologia em um clique\"},\"image\":{\"@id\":\"https:\/\/www.odontosites.com.br\/odonto\/#\/schema\/logo\/image\/\"},\"sameAs\":[\"http:\/\/www.facebook.com\/odontosites\",\"https:\/\/x.com\/odontosites\",\"http:\/\/www.instagram.com\/odontosites\"]}]}<\/script>\n<!-- \/ Yoast SEO plugin. -->","yoast_head_json":{"title":"Aviso Legal - Odontosites","description":"Aviso legal: Todo material exposto no Odontosites \u00e9 protegido por Copyright, por\u00e9m pode ser divulgado em outros sites sem conota\u00e7\u00e3o comercial. Somente","robots":{"index":"index","follow":"follow","max-snippet":"max-snippet:-1","max-image-preview":"max-image-preview:large","max-video-preview":"max-video-preview:-1"},"canonical":"https:\/\/www.odontosites.com.br\/odonto\/aviso-legal\/","og_locale":"pt_BR","og_type":"article","og_title":"Aviso Legal - Odontosites","og_description":"Aviso legal: Todo material exposto no Odontosites \u00e9 protegido por Copyright, por\u00e9m pode ser divulgado em outros sites sem conota\u00e7\u00e3o comercial. Somente","og_url":"https:\/\/www.odontosites.com.br\/odonto\/aviso-legal\/","og_site_name":"Odontosites - Odontologia em um clique","article_publisher":"http:\/\/www.facebook.com\/odontosites","article_modified_time":"2011-05-24T15:21:30+00:00","twitter_card":"summary_large_image","twitter_site":"@odontosites","twitter_misc":{"Est. tempo de leitura":"1 minuto"},"schema":{"@context":"https:\/\/schema.org","@graph":[{"@type":"WebPage","@id":"https:\/\/www.odontosites.com.br\/odonto\/aviso-legal\/","url":"https:\/\/www.odontosites.com.br\/odonto\/aviso-legal\/","name":"Aviso Legal - Odontosites","isPartOf":{"@id":"https:\/\/www.odontosites.com.br\/odonto\/#website"},"datePublished":"2011-04-04T11:38:08+00:00","dateModified":"2011-05-24T15:21:30+00:00","description":"Aviso legal: Todo material exposto no Odontosites \u00e9 protegido por Copyright, por\u00e9m pode ser divulgado em outros sites sem conota\u00e7\u00e3o comercial. Somente","breadcrumb":{"@id":"https:\/\/www.odontosites.com.br\/odonto\/aviso-legal\/#breadcrumb"},"inLanguage":"pt-BR","potentialAction":[{"@type":"ReadAction","target":["https:\/\/www.odontosites.com.br\/odonto\/aviso-legal\/"]}]},{"@type":"BreadcrumbList","@id":"https:\/\/www.odontosites.com.br\/odonto\/aviso-legal\/#breadcrumb","itemListElement":[{"@type":"ListItem","position":1,"name":"Odontosites","item":"https:\/\/www.odontosites.com.br\/odonto\/"},{"@type":"ListItem","position":2,"name":"Aviso Legal"}]},{"@type":"WebSite","@id":"https:\/\/www.odontosites.com.br\/odonto\/#website","url":"https:\/\/www.odontosites.com.br\/odonto\/","name":"Odontosites - Odontologia em um clique","description":"Noticias, Artigos, Eventos e Muito mais em um s\u00f3 lugar","publisher":{"@id":"https:\/\/www.odontosites.com.br\/odonto\/#organization"},"potentialAction":[{"@type":"SearchAction","target":{"@type":"EntryPoint","urlTemplate":"https:\/\/www.odontosites.com.br\/odonto\/?s={search_term_string}"},"query-input":{"@type":"PropertyValueSpecification","valueRequired":true,"valueName":"search_term_string"}}],"inLanguage":"pt-BR"},{"@type":"Organization","@id":"https:\/\/www.odontosites.com.br\/odonto\/#organization","name":"Odontosites - Odontologia em um clique","url":"https:\/\/www.odontosites.com.br\/odonto\/","logo":{"@type":"ImageObject","inLanguage":"pt-BR","@id":"https:\/\/www.odontosites.com.br\/odonto\/#\/schema\/logo\/image\/","url":"https:\/\/www.odontosites.com.br\/odonto\/wp-content\/uploads\/2023\/10\/logo_odontosites_sem_fundo.png","contentUrl":"https:\/\/www.odontosites.com.br\/odonto\/wp-content\/uploads\/2023\/10\/logo_odontosites_sem_fundo.png","width":518,"height":176,"caption":"Odontosites - Odontologia em um clique"},"image":{"@id":"https:\/\/www.odontosites.com.br\/odonto\/#\/schema\/logo\/image\/"},"sameAs":["http:\/\/www.facebook.com\/odontosites","https:\/\/x.com\/odontosites","http:\/\/www.instagram.com\/odontosites"]}]}},"_links":{"self":[{"href":"https:\/\/www.odontosites.com.br\/odonto\/wp-json\/wp\/v2\/pages\/3630","targetHints":{"allow":["GET"]}}],"collection":[{"href":"https:\/\/www.odontosites.com.br\/odonto\/wp-json\/wp\/v2\/pages"}],"about":[{"href":"https:\/\/www.odontosites.com.br\/odonto\/wp-json\/wp\/v2\/types\/page"}],"author":[{"embeddable":true,"href":"https:\/\/www.odontosites.com.br\/odonto\/wp-json\/wp\/v2\/users\/1"}],"replies":[{"embeddable":true,"href":"https:\/\/www.odontosites.com.br\/odonto\/wp-json\/wp\/v2\/comments?post=3630"}],"version-history":[{"count":0,"href":"https:\/\/www.odontosites.com.br\/odonto\/wp-json\/wp\/v2\/pages\/3630\/revisions"}],"wp:attachment":[{"href":"https:\/\/www.odontosites.com.br\/odonto\/wp-json\/wp\/v2\/media?parent=3630"}],"curies":[{"name":"wp","href":"https:\/\/api.w.org\/{rel}","templated":true}]}}