{"id":26362,"date":"2012-06-05T17:13:28","date_gmt":"2012-06-05T20:13:28","guid":{"rendered":"http:\/\/www.odontosites.com.br\/odonto\/?page_id=26362"},"modified":"2012-06-05T17:13:28","modified_gmt":"2012-06-05T20:13:28","slug":"cadastro-de-dentistas","status":"publish","type":"page","link":"https:\/\/www.odontosites.com.br\/odonto\/cadastro-de-dentistas\/","title":{"rendered":"Cadastro de dentistas"},"content":{"rendered":"<p><strong>1<\/strong>.O cadastro no guia de profissionais de odontologia &#8220;Guia de Dentistas&#8221; do Odontosites \u00e9 exclusivo para Cirurgi\u00f5es-Dentistas legalmente habilitados e portadores de CRO.<\/p>\n<p><strong>2<\/strong>. A normas de veicula\u00e7\u00e3o deste cadastro seguem os preceitos do <a href=\"http:\/\/www.odontosites.com.br\/odonto\/wp-content\/uploads\/2012\/06\/codigo_etica.pdf\">C\u00f3digo de \u00c9tica<\/a>\u00a0(clique no link para ler), sendo assim n\u00e3o ser\u00e1 permitida nenhuma veicula\u00e7\u00e3o a respeito de pre\u00e7os e\/ou valores de tratamentos. Voc\u00ea declara que n\u00e3o utilizar\u00e1 o site Guia de Dentistas do Odontosites de forma que possa violar qualquer cl\u00e1usula do C\u00f3digo de \u00c9tica de Odontologia.<\/p>\n<p><strong>3<\/strong>.\u00c9 Imprescind\u00edvel para efetuar este cadastro o CRO e o estado Federa\u00e7\u00e3o do requisitante, mesmo que provis\u00f3rio.<\/p>\n<p><strong>4<\/strong>.O cadastro No Guia de Dentistas \u00e9 gratuito e n\u00e3o implica em nenhum v\u00ednculo entre o cadastrado e o Odontosites.com.br<\/p>\n<p><strong>5<\/strong>.O Odontosites se reserva o direito de solicitar esclarecimentos a respeito de quaisquer um dos itens descritos no formul\u00e1rio, sempre por e-mail.<\/p>\n<p><strong>6<\/strong>.O Odontosites n\u00e3o garante qualquer tipo de retorno financeiro ao cadastrado e n\u00e3o se responsabiliza pelo uso que terceiros venham a fazer das informa\u00e7\u00f5es contidas neste cadastro informa\u00e7\u00f5es.<\/p>\n<p><strong>7<\/strong>.O Odontosites n\u00e3o se responsabiliza pelas informa\u00e7\u00f5es prestadas no formul\u00e1rio e que ser\u00e3o vinculadas na Se\u00e7\u00e3o &#8220;Guia de Dentistas&#8221;, sendo seu conte\u00fado de inteira responsabilidade do Profissional que o realizar.<\/p>\n<p><strong>8<\/strong>.O Odontosites se reserva o direito de excluir de seu banco de dados qualquer Profissional que n\u00e3o corresponder ao determinado no primeiro par\u00e1grafo deste acordo ou infringir de alguma forma este termo de compromisso.<\/p>\n<p><strong>9<\/strong>. O Odontosites se reserva o direito de alterar o conte\u00fado da Se\u00e7\u00e3o &#8220;Guia de Dentistas&#8221; sem pr\u00e9vio aviso ou comunica\u00e7\u00e3o a qualquer profissional.<\/p>\n<p><strong>10<\/strong>. Toda e qualquer atualiza\u00e7\u00e3o referente ao cadastro deve ser encaminhada por e-mail para o Odontosites (<strong>contato@odontosites.com.br<\/strong>) que providenciar\u00e1 a efetiva mudan\u00e7a de acordo com seu cronograma de trabalho, n\u00e3o ficando estipulado aqui nenhum tipo de prazo para este servi\u00e7o de modifica\u00e7\u00e3o no Guia de dentistas.<\/p>\n<p><strong>11<\/strong>. Ao clicar no bot\u00e3o concordo, abaixo, o cadastrado afirma ter lido todos os termos deste acordo e aceitado sem nenhum ressalva com todos eles.<\/p>\n<p><strong>12<\/strong>. Fica Eleito o Foro da Cidade de S\u00e3o Paulo para quaisquer eventuais quest\u00f5es legais.<\/p>\n<p style=\"text-align: center;\"><strong><a class=\"cadastro\" title=\"Cadastrar empresa\" href=\"http:\/\/www.odontosites.com.br\/odonto\/adicionar-dentista.html\">CONCORDO E QUERO FAZER O CADASTRO \u00bb<\/a>\u00a0<\/strong><\/p>\n<p style=\"text-align: center;\"><strong><a class=\"cadastro\" title=\"Odontosites\" href=\"http:\/\/www.odontosites.com.br\/odonto\/\">N\u00c3O CONCORDO \u00bb<\/a><\/strong><\/p>\n","protected":false},"excerpt":{"rendered":"<p>1.O cadastro no guia de profissionais de odontologia &#8220;Guia de Dentistas&#8221; do Odontosites \u00e9 exclusivo para Cirurgi\u00f5es-Dentistas legalmente habilitados e portadores de CRO. 2. A normas de veicula\u00e7\u00e3o deste cadastro seguem os preceitos do C\u00f3digo de \u00c9tica\u00a0(clique no link para ler), sendo assim n\u00e3o ser\u00e1 permitida nenhuma veicula\u00e7\u00e3o a respeito de pre\u00e7os e\/ou valores&#8230;<\/p>\n","protected":false},"author":11,"featured_media":0,"parent":0,"menu_order":0,"comment_status":"closed","ping_status":"open","template":"","meta":{"footnotes":""},"class_list":["post-26362","page","type-page","status-publish","hentry"],"yoast_head":"<!-- This site is optimized with the Yoast SEO plugin v27.2 - https:\/\/yoast.com\/product\/yoast-seo-wordpress\/ -->\n<title>Cadastro de dentistas - Odontosites<\/title>\n<meta name=\"description\" content=\"1.O cadastro no guia de profissionais de odontologia &quot;Guia de Dentistas&quot; do Odontosites \u00e9 exclusivo para Cirurgi\u00f5es-Dentistas legalmente habilitados e\" \/>\n<meta name=\"robots\" content=\"index, follow, max-snippet:-1, max-image-preview:large, max-video-preview:-1\" \/>\n<link rel=\"canonical\" href=\"https:\/\/www.odontosites.com.br\/odonto\/cadastro-de-dentistas\/\" \/>\n<meta property=\"og:locale\" content=\"pt_BR\" \/>\n<meta property=\"og:type\" content=\"article\" \/>\n<meta property=\"og:title\" content=\"Cadastro de dentistas - Odontosites\" \/>\n<meta property=\"og:description\" content=\"1.O cadastro no guia de profissionais de odontologia &quot;Guia de Dentistas&quot; do Odontosites \u00e9 exclusivo para Cirurgi\u00f5es-Dentistas legalmente habilitados e\" \/>\n<meta property=\"og:url\" content=\"https:\/\/www.odontosites.com.br\/odonto\/cadastro-de-dentistas\/\" \/>\n<meta property=\"og:site_name\" content=\"Odontosites - Odontologia em um clique\" \/>\n<meta property=\"article:publisher\" content=\"http:\/\/www.facebook.com\/odontosites\" \/>\n<meta name=\"twitter:card\" content=\"summary_large_image\" \/>\n<meta name=\"twitter:site\" content=\"@odontosites\" \/>\n<meta name=\"twitter:label1\" content=\"Est. tempo de leitura\" \/>\n\t<meta name=\"twitter:data1\" content=\"2 minutos\" \/>\n<script type=\"application\/ld+json\" class=\"yoast-schema-graph\">{\"@context\":\"https:\/\/schema.org\",\"@graph\":[{\"@type\":\"WebPage\",\"@id\":\"https:\/\/www.odontosites.com.br\/odonto\/cadastro-de-dentistas\/\",\"url\":\"https:\/\/www.odontosites.com.br\/odonto\/cadastro-de-dentistas\/\",\"name\":\"Cadastro de dentistas - Odontosites\",\"isPartOf\":{\"@id\":\"https:\/\/www.odontosites.com.br\/odonto\/#website\"},\"datePublished\":\"2012-06-05T20:13:28+00:00\",\"description\":\"1.O cadastro no guia de profissionais de odontologia \\\"Guia de Dentistas\\\" do Odontosites \u00e9 exclusivo para Cirurgi\u00f5es-Dentistas legalmente habilitados e\",\"breadcrumb\":{\"@id\":\"https:\/\/www.odontosites.com.br\/odonto\/cadastro-de-dentistas\/#breadcrumb\"},\"inLanguage\":\"pt-BR\",\"potentialAction\":[{\"@type\":\"ReadAction\",\"target\":[\"https:\/\/www.odontosites.com.br\/odonto\/cadastro-de-dentistas\/\"]}]},{\"@type\":\"BreadcrumbList\",\"@id\":\"https:\/\/www.odontosites.com.br\/odonto\/cadastro-de-dentistas\/#breadcrumb\",\"itemListElement\":[{\"@type\":\"ListItem\",\"position\":1,\"name\":\"Odontosites\",\"item\":\"https:\/\/www.odontosites.com.br\/odonto\/\"},{\"@type\":\"ListItem\",\"position\":2,\"name\":\"Cadastro de dentistas\"}]},{\"@type\":\"WebSite\",\"@id\":\"https:\/\/www.odontosites.com.br\/odonto\/#website\",\"url\":\"https:\/\/www.odontosites.com.br\/odonto\/\",\"name\":\"Odontosites - Odontologia em um clique\",\"description\":\"Noticias, Artigos, Eventos e Muito mais em um s\u00f3 lugar\",\"publisher\":{\"@id\":\"https:\/\/www.odontosites.com.br\/odonto\/#organization\"},\"potentialAction\":[{\"@type\":\"SearchAction\",\"target\":{\"@type\":\"EntryPoint\",\"urlTemplate\":\"https:\/\/www.odontosites.com.br\/odonto\/?s={search_term_string}\"},\"query-input\":{\"@type\":\"PropertyValueSpecification\",\"valueRequired\":true,\"valueName\":\"search_term_string\"}}],\"inLanguage\":\"pt-BR\"},{\"@type\":\"Organization\",\"@id\":\"https:\/\/www.odontosites.com.br\/odonto\/#organization\",\"name\":\"Odontosites - Odontologia em um clique\",\"url\":\"https:\/\/www.odontosites.com.br\/odonto\/\",\"logo\":{\"@type\":\"ImageObject\",\"inLanguage\":\"pt-BR\",\"@id\":\"https:\/\/www.odontosites.com.br\/odonto\/#\/schema\/logo\/image\/\",\"url\":\"https:\/\/www.odontosites.com.br\/odonto\/wp-content\/uploads\/2023\/10\/logo_odontosites_sem_fundo.png\",\"contentUrl\":\"https:\/\/www.odontosites.com.br\/odonto\/wp-content\/uploads\/2023\/10\/logo_odontosites_sem_fundo.png\",\"width\":518,\"height\":176,\"caption\":\"Odontosites - Odontologia em um clique\"},\"image\":{\"@id\":\"https:\/\/www.odontosites.com.br\/odonto\/#\/schema\/logo\/image\/\"},\"sameAs\":[\"http:\/\/www.facebook.com\/odontosites\",\"https:\/\/x.com\/odontosites\",\"http:\/\/www.instagram.com\/odontosites\"]}]}<\/script>\n<!-- \/ Yoast SEO plugin. -->","yoast_head_json":{"title":"Cadastro de dentistas - Odontosites","description":"1.O cadastro no guia de profissionais de odontologia \"Guia de Dentistas\" do Odontosites \u00e9 exclusivo para Cirurgi\u00f5es-Dentistas legalmente habilitados e","robots":{"index":"index","follow":"follow","max-snippet":"max-snippet:-1","max-image-preview":"max-image-preview:large","max-video-preview":"max-video-preview:-1"},"canonical":"https:\/\/www.odontosites.com.br\/odonto\/cadastro-de-dentistas\/","og_locale":"pt_BR","og_type":"article","og_title":"Cadastro de dentistas - Odontosites","og_description":"1.O cadastro no guia de profissionais de odontologia \"Guia de Dentistas\" do Odontosites \u00e9 exclusivo para Cirurgi\u00f5es-Dentistas legalmente habilitados e","og_url":"https:\/\/www.odontosites.com.br\/odonto\/cadastro-de-dentistas\/","og_site_name":"Odontosites - Odontologia em um clique","article_publisher":"http:\/\/www.facebook.com\/odontosites","twitter_card":"summary_large_image","twitter_site":"@odontosites","twitter_misc":{"Est. tempo de leitura":"2 minutos"},"schema":{"@context":"https:\/\/schema.org","@graph":[{"@type":"WebPage","@id":"https:\/\/www.odontosites.com.br\/odonto\/cadastro-de-dentistas\/","url":"https:\/\/www.odontosites.com.br\/odonto\/cadastro-de-dentistas\/","name":"Cadastro de dentistas - Odontosites","isPartOf":{"@id":"https:\/\/www.odontosites.com.br\/odonto\/#website"},"datePublished":"2012-06-05T20:13:28+00:00","description":"1.O cadastro no guia de profissionais de odontologia \"Guia de Dentistas\" do Odontosites \u00e9 exclusivo para Cirurgi\u00f5es-Dentistas legalmente habilitados e","breadcrumb":{"@id":"https:\/\/www.odontosites.com.br\/odonto\/cadastro-de-dentistas\/#breadcrumb"},"inLanguage":"pt-BR","potentialAction":[{"@type":"ReadAction","target":["https:\/\/www.odontosites.com.br\/odonto\/cadastro-de-dentistas\/"]}]},{"@type":"BreadcrumbList","@id":"https:\/\/www.odontosites.com.br\/odonto\/cadastro-de-dentistas\/#breadcrumb","itemListElement":[{"@type":"ListItem","position":1,"name":"Odontosites","item":"https:\/\/www.odontosites.com.br\/odonto\/"},{"@type":"ListItem","position":2,"name":"Cadastro de dentistas"}]},{"@type":"WebSite","@id":"https:\/\/www.odontosites.com.br\/odonto\/#website","url":"https:\/\/www.odontosites.com.br\/odonto\/","name":"Odontosites - Odontologia em um clique","description":"Noticias, Artigos, Eventos e Muito mais em um s\u00f3 lugar","publisher":{"@id":"https:\/\/www.odontosites.com.br\/odonto\/#organization"},"potentialAction":[{"@type":"SearchAction","target":{"@type":"EntryPoint","urlTemplate":"https:\/\/www.odontosites.com.br\/odonto\/?s={search_term_string}"},"query-input":{"@type":"PropertyValueSpecification","valueRequired":true,"valueName":"search_term_string"}}],"inLanguage":"pt-BR"},{"@type":"Organization","@id":"https:\/\/www.odontosites.com.br\/odonto\/#organization","name":"Odontosites - Odontologia em um clique","url":"https:\/\/www.odontosites.com.br\/odonto\/","logo":{"@type":"ImageObject","inLanguage":"pt-BR","@id":"https:\/\/www.odontosites.com.br\/odonto\/#\/schema\/logo\/image\/","url":"https:\/\/www.odontosites.com.br\/odonto\/wp-content\/uploads\/2023\/10\/logo_odontosites_sem_fundo.png","contentUrl":"https:\/\/www.odontosites.com.br\/odonto\/wp-content\/uploads\/2023\/10\/logo_odontosites_sem_fundo.png","width":518,"height":176,"caption":"Odontosites - Odontologia em um clique"},"image":{"@id":"https:\/\/www.odontosites.com.br\/odonto\/#\/schema\/logo\/image\/"},"sameAs":["http:\/\/www.facebook.com\/odontosites","https:\/\/x.com\/odontosites","http:\/\/www.instagram.com\/odontosites"]}]}},"_links":{"self":[{"href":"https:\/\/www.odontosites.com.br\/odonto\/wp-json\/wp\/v2\/pages\/26362","targetHints":{"allow":["GET"]}}],"collection":[{"href":"https:\/\/www.odontosites.com.br\/odonto\/wp-json\/wp\/v2\/pages"}],"about":[{"href":"https:\/\/www.odontosites.com.br\/odonto\/wp-json\/wp\/v2\/types\/page"}],"author":[{"embeddable":true,"href":"https:\/\/www.odontosites.com.br\/odonto\/wp-json\/wp\/v2\/users\/11"}],"replies":[{"embeddable":true,"href":"https:\/\/www.odontosites.com.br\/odonto\/wp-json\/wp\/v2\/comments?post=26362"}],"version-history":[{"count":0,"href":"https:\/\/www.odontosites.com.br\/odonto\/wp-json\/wp\/v2\/pages\/26362\/revisions"}],"wp:attachment":[{"href":"https:\/\/www.odontosites.com.br\/odonto\/wp-json\/wp\/v2\/media?parent=26362"}],"curies":[{"name":"wp","href":"https:\/\/api.w.org\/{rel}","templated":true}]}}